{"id":66418,"date":"2020-03-26T11:14:16","date_gmt":"2020-03-26T11:14:16","guid":{"rendered":"http:\/\/plone.beetest.it\/?page_id=66418"},"modified":"2023-02-24T15:33:54","modified_gmt":"2023-02-24T14:33:54","slug":"chi-siamo","status":"publish","type":"page","link":"https:\/\/www.matrix4design.com\/it\/chi-siamo\/","title":{"rendered":"Chi siamo"},"content":{"rendered":"<p><span style=\"font-family: georgia, serif;\">Dal 1964\u00a0<strong><a class=\"external-link\" title=\"\" href=\"http:\/\/editriceindustriale.it\/\" target=\"_blank\" rel=\"noopener noreferrer\">Editrice Industriale<\/a><\/strong> rappresenta un punto di riferimento per tutti i protagonisti del mondo dell\u2019edilizia, una realt\u00e0 unica e assolutamente innovativa. Matrix4Design nella sua forma full digital <span style=\"color: #212529;\">nasce nel 2016 dalla volont\u00e0 di Editrice Industriale di abbinare innovazione e qualit\u00e0, di creare un prodotto basato sull&#8217;originalit\u00e0 dei contenuti e sulla capacit\u00e0 di rivolgersi ai lettori con una voce nuova e coinvolgente, dando vita ad un magazine destinato ai professionisti\u2026ma non solo.<\/span><\/span><\/p>\n<p><span style=\"font-family: georgia, serif;\">Matrix4Design racconta in modo completo e approfondito il mondo dell&#8217;architettura, del design, dell\u2019arredamento<span style=\"color: #212529;\">\u00a0e delle finiture e si pone dunque come spazio digitale dove recarsi per rimanere sempre aggiornati sulle nuove tendenze, trovare il collegamento tra il prodotto e la sua applicazione, individuare il punto di equilibrio tra estetica e funzionalit\u00e0, il tutto con uno<\/span><span style=\"color: #212529;\">\u00a0stile innovativo, fruibile e di contenuto.<\/span><\/span><\/p>\n<p><span style=\"font-family: georgia, serif;\">Matrix registrato presso il Tribunale di Milano in data 30.09.2002 al n. 520 \u2013 Direttore Responsabile: Giulia Guerra<\/span><\/p>\n<p>&nbsp;<\/p>\n","protected":false},"excerpt":{"rendered":"<p>Dal 1964\u00a0Editrice Industriale rappresenta un punto di riferimento per tutti i protagonisti del mondo dell\u2019edilizia, una realt\u00e0 unica e assolutamente innovativa. Matrix4Design nella sua forma full digital nasce nel 2016 dalla volont\u00e0 di Editrice Industriale di abbinare innovazione e qualit\u00e0, di creare un prodotto basato sull&#8217;originalit\u00e0 dei contenuti e sulla capacit\u00e0 di rivolgersi ai lettori [&hellip;]<\/p>\n","protected":false},"author":2,"featured_media":0,"parent":0,"menu_order":100,"comment_status":"closed","ping_status":"closed","template":"","meta":{"_acf_changed":false,"footnotes":""},"class_list":["post-66418","page","type-page","status-publish"],"acf":[],"yoast_head":"<!-- This site is optimized with the Yoast SEO plugin v27.0 - https:\/\/yoast.com\/product\/yoast-seo-wordpress\/ -->\n<title>Chi siamo - Matrix4Design<\/title>\n<meta name=\"robots\" content=\"index, follow, max-snippet:-1, max-image-preview:large, max-video-preview:-1\" \/>\n<link rel=\"canonical\" href=\"https:\/\/www.matrix4design.com\/it\/chi-siamo\/\" \/>\n<meta property=\"og:locale\" content=\"it_IT\" \/>\n<meta property=\"og:type\" content=\"article\" \/>\n<meta property=\"og:title\" content=\"Chi siamo - Matrix4Design\" \/>\n<meta property=\"og:description\" content=\"Dal 1964\u00a0Editrice Industriale rappresenta un punto di riferimento per tutti i protagonisti del mondo dell\u2019edilizia, una realt\u00e0 unica e assolutamente innovativa. Matrix4Design nella sua forma full digital nasce nel 2016 dalla volont\u00e0 di Editrice Industriale di abbinare innovazione e qualit\u00e0, di creare un prodotto basato sull&#8217;originalit\u00e0 dei contenuti e sulla capacit\u00e0 di rivolgersi ai lettori [&hellip;]\" \/>\n<meta property=\"og:url\" content=\"https:\/\/www.matrix4design.com\/it\/chi-siamo\/\" \/>\n<meta property=\"og:site_name\" content=\"Matrix4Design\" \/>\n<meta property=\"article:publisher\" content=\"https:\/\/www.facebook.com\/matrix4designmagazine\/\" \/>\n<meta property=\"article:modified_time\" content=\"2023-02-24T14:33:54+00:00\" \/>\n<meta name=\"twitter:card\" content=\"summary_large_image\" \/>\n<meta name=\"twitter:label1\" content=\"Tempo di lettura stimato\" \/>\n\t<meta name=\"twitter:data1\" content=\"1 minuto\" \/>\n<script type=\"application\/ld+json\" class=\"yoast-schema-graph\">{\"@context\":\"https:\/\/schema.org\",\"@graph\":[{\"@type\":\"WebPage\",\"@id\":\"https:\/\/www.matrix4design.com\/it\/chi-siamo\/\",\"url\":\"https:\/\/www.matrix4design.com\/it\/chi-siamo\/\",\"name\":\"Chi siamo - Matrix4Design\",\"isPartOf\":{\"@id\":\"https:\/\/www.matrix4design.com\/it\/#website\"},\"datePublished\":\"2020-03-26T11:14:16+00:00\",\"dateModified\":\"2023-02-24T14:33:54+00:00\",\"breadcrumb\":{\"@id\":\"https:\/\/www.matrix4design.com\/it\/chi-siamo\/#breadcrumb\"},\"inLanguage\":\"it-IT\",\"potentialAction\":[{\"@type\":\"ReadAction\",\"target\":[\"https:\/\/www.matrix4design.com\/it\/chi-siamo\/\"]}]},{\"@type\":\"BreadcrumbList\",\"@id\":\"https:\/\/www.matrix4design.com\/it\/chi-siamo\/#breadcrumb\",\"itemListElement\":[{\"@type\":\"ListItem\",\"position\":1,\"name\":\"Home\",\"item\":\"https:\/\/www.matrix4design.com\/it\/\"},{\"@type\":\"ListItem\",\"position\":2,\"name\":\"Chi siamo\"}]},{\"@type\":\"WebSite\",\"@id\":\"https:\/\/www.matrix4design.com\/it\/#website\",\"url\":\"https:\/\/www.matrix4design.com\/it\/\",\"name\":\"Matrix4Design\",\"description\":\"Digital architecture and design b2b magazine\",\"publisher\":{\"@id\":\"https:\/\/www.matrix4design.com\/it\/#organization\"},\"potentialAction\":[{\"@type\":\"SearchAction\",\"target\":{\"@type\":\"EntryPoint\",\"urlTemplate\":\"https:\/\/www.matrix4design.com\/it\/?s={search_term_string}\"},\"query-input\":{\"@type\":\"PropertyValueSpecification\",\"valueRequired\":true,\"valueName\":\"search_term_string\"}}],\"inLanguage\":\"it-IT\"},{\"@type\":\"Organization\",\"@id\":\"https:\/\/www.matrix4design.com\/it\/#organization\",\"name\":\"Matrix4Design\",\"url\":\"https:\/\/www.matrix4design.com\/it\/\",\"logo\":{\"@type\":\"ImageObject\",\"inLanguage\":\"it-IT\",\"@id\":\"https:\/\/www.matrix4design.com\/it\/#\/schema\/logo\/image\/\",\"url\":\"https:\/\/www.matrix4design.com\/wp-content\/uploads\/2020\/04\/logo_matrix4design.png\",\"contentUrl\":\"https:\/\/www.matrix4design.com\/wp-content\/uploads\/2020\/04\/logo_matrix4design.png\",\"width\":804,\"height\":114,\"caption\":\"Matrix4Design\"},\"image\":{\"@id\":\"https:\/\/www.matrix4design.com\/it\/#\/schema\/logo\/image\/\"},\"sameAs\":[\"https:\/\/www.facebook.com\/matrix4designmagazine\/\",\"https:\/\/www.instagram.com\/matrix4designmagazine\/\",\"https:\/\/www.youtube.com\/channel\/UCtuhSSrP3MOO_URZgv8mQ1A\"]}]}<\/script>\n<!-- \/ Yoast SEO plugin. -->","yoast_head_json":{"title":"Chi siamo - Matrix4Design","robots":{"index":"index","follow":"follow","max-snippet":"max-snippet:-1","max-image-preview":"max-image-preview:large","max-video-preview":"max-video-preview:-1"},"canonical":"https:\/\/www.matrix4design.com\/it\/chi-siamo\/","og_locale":"it_IT","og_type":"article","og_title":"Chi siamo - Matrix4Design","og_description":"Dal 1964\u00a0Editrice Industriale rappresenta un punto di riferimento per tutti i protagonisti del mondo dell\u2019edilizia, una realt\u00e0 unica e assolutamente innovativa. Matrix4Design nella sua forma full digital nasce nel 2016 dalla volont\u00e0 di Editrice Industriale di abbinare innovazione e qualit\u00e0, di creare un prodotto basato sull&#8217;originalit\u00e0 dei contenuti e sulla capacit\u00e0 di rivolgersi ai lettori [&hellip;]","og_url":"https:\/\/www.matrix4design.com\/it\/chi-siamo\/","og_site_name":"Matrix4Design","article_publisher":"https:\/\/www.facebook.com\/matrix4designmagazine\/","article_modified_time":"2023-02-24T14:33:54+00:00","twitter_card":"summary_large_image","twitter_misc":{"Tempo di lettura stimato":"1 minuto"},"schema":{"@context":"https:\/\/schema.org","@graph":[{"@type":"WebPage","@id":"https:\/\/www.matrix4design.com\/it\/chi-siamo\/","url":"https:\/\/www.matrix4design.com\/it\/chi-siamo\/","name":"Chi siamo - Matrix4Design","isPartOf":{"@id":"https:\/\/www.matrix4design.com\/it\/#website"},"datePublished":"2020-03-26T11:14:16+00:00","dateModified":"2023-02-24T14:33:54+00:00","breadcrumb":{"@id":"https:\/\/www.matrix4design.com\/it\/chi-siamo\/#breadcrumb"},"inLanguage":"it-IT","potentialAction":[{"@type":"ReadAction","target":["https:\/\/www.matrix4design.com\/it\/chi-siamo\/"]}]},{"@type":"BreadcrumbList","@id":"https:\/\/www.matrix4design.com\/it\/chi-siamo\/#breadcrumb","itemListElement":[{"@type":"ListItem","position":1,"name":"Home","item":"https:\/\/www.matrix4design.com\/it\/"},{"@type":"ListItem","position":2,"name":"Chi siamo"}]},{"@type":"WebSite","@id":"https:\/\/www.matrix4design.com\/it\/#website","url":"https:\/\/www.matrix4design.com\/it\/","name":"Matrix4Design","description":"Digital architecture and design b2b magazine","publisher":{"@id":"https:\/\/www.matrix4design.com\/it\/#organization"},"potentialAction":[{"@type":"SearchAction","target":{"@type":"EntryPoint","urlTemplate":"https:\/\/www.matrix4design.com\/it\/?s={search_term_string}"},"query-input":{"@type":"PropertyValueSpecification","valueRequired":true,"valueName":"search_term_string"}}],"inLanguage":"it-IT"},{"@type":"Organization","@id":"https:\/\/www.matrix4design.com\/it\/#organization","name":"Matrix4Design","url":"https:\/\/www.matrix4design.com\/it\/","logo":{"@type":"ImageObject","inLanguage":"it-IT","@id":"https:\/\/www.matrix4design.com\/it\/#\/schema\/logo\/image\/","url":"https:\/\/www.matrix4design.com\/wp-content\/uploads\/2020\/04\/logo_matrix4design.png","contentUrl":"https:\/\/www.matrix4design.com\/wp-content\/uploads\/2020\/04\/logo_matrix4design.png","width":804,"height":114,"caption":"Matrix4Design"},"image":{"@id":"https:\/\/www.matrix4design.com\/it\/#\/schema\/logo\/image\/"},"sameAs":["https:\/\/www.facebook.com\/matrix4designmagazine\/","https:\/\/www.instagram.com\/matrix4designmagazine\/","https:\/\/www.youtube.com\/channel\/UCtuhSSrP3MOO_URZgv8mQ1A"]}]}},"_links":{"self":[{"href":"https:\/\/www.matrix4design.com\/it\/wp-json\/wp\/v2\/pages\/66418","targetHints":{"allow":["GET"]}}],"collection":[{"href":"https:\/\/www.matrix4design.com\/it\/wp-json\/wp\/v2\/pages"}],"about":[{"href":"https:\/\/www.matrix4design.com\/it\/wp-json\/wp\/v2\/types\/page"}],"author":[{"embeddable":true,"href":"https:\/\/www.matrix4design.com\/it\/wp-json\/wp\/v2\/users\/2"}],"replies":[{"embeddable":true,"href":"https:\/\/www.matrix4design.com\/it\/wp-json\/wp\/v2\/comments?post=66418"}],"version-history":[{"count":6,"href":"https:\/\/www.matrix4design.com\/it\/wp-json\/wp\/v2\/pages\/66418\/revisions"}],"predecessor-version":[{"id":96566,"href":"https:\/\/www.matrix4design.com\/it\/wp-json\/wp\/v2\/pages\/66418\/revisions\/96566"}],"wp:attachment":[{"href":"https:\/\/www.matrix4design.com\/it\/wp-json\/wp\/v2\/media?parent=66418"}],"curies":[{"name":"wp","href":"https:\/\/api.w.org\/{rel}","templated":true}]}}